{"id":23319,"date":"2021-02-04T09:08:23","date_gmt":"2021-02-04T07:08:23","guid":{"rendered":"https:\/\/turgikaubad.ee\/product\/turku-malta-kafija-mehmet-efendi-150g\/"},"modified":"2025-07-31T17:26:56","modified_gmt":"2025-07-31T14:26:56","slug":"turku-malta-kafija-mehmet-efendi-150g","status":"publish","type":"product","link":"https:\/\/turgikaubad.ee\/lv\/product\/turku-malta-kafija-mehmet-efendi-150g\/","title":{"rendered":"Turku malta kafija Mehmet Efendi 250g"},"content":{"rendered":"\t\t<div data-elementor-type=\"wp-post\" data-elementor-id=\"23319\" class=\"elementor elementor-23319 elementor-11943\">\n\t\t\t\t\t\t<section class=\"wd-negative-gap elementor-section elementor-top-section elementor-element elementor-element-30d400ff elementor-section-boxed elementor-section-height-default elementor-section-height-default wpr-particle-no wpr-jarallax-no wpr-parallax-no wpr-sticky-section-no wpr-equal-height-no\" data-id=\"30d400ff\" data-element_type=\"section\" data-e-type=\"section\">\n\t\t\t\t\t\t<div class=\"elementor-container elementor-column-gap-default\">\n\t\t\t\t\t<div class=\"elementor-column elementor-col-100 elementor-top-column elementor-element elementor-element-13ad4e3b\" data-id=\"13ad4e3b\" data-element_type=\"column\" data-e-type=\"column\">\n\t\t\t<div class=\"elementor-widget-wrap elementor-element-populated\">\n\t\t\t\t\t\t\t<\/div>\n\t\t<\/div>\n\t\t\t\t\t<\/div>\n\t\t<\/section>\n\t\t\t\t<\/div>\n\t\t","protected":false},"excerpt":{"rendered":"","protected":false},"featured_media":23323,"template":"","meta":[],"product_brand":[],"product_cat":[2292],"product_tag":[],"class_list":{"0":"post-23319","1":"product","2":"type-product","3":"status-publish","4":"has-post-thumbnail","6":"product_cat-kafija","7":"pa_tootja-kurukahveci-mehmet-efendi-lv","9":"first","10":"instock","11":"taxable","12":"shipping-taxable","13":"purchasable","14":"product-type-simple"},"yoast_head":"<!-- This site is optimized with the Yoast SEO plugin v27.5 - https:\/\/yoast.com\/product\/yoast-seo-wordpress\/ -->\n<title>Turku malta kafija Mehmet Efendi 250g - T\u00fcrgi kaubad<\/title>\n<meta name=\"robots\" content=\"index, follow, max-snippet:-1, max-image-preview:large, max-video-preview:-1\" \/>\n<link rel=\"canonical\" href=\"https:\/\/turgikaubad.ee\/lv\/product\/turku-malta-kafija-mehmet-efendi-150g\/\" \/>\n<meta property=\"og:locale\" content=\"lv_LV\" \/>\n<meta property=\"og:type\" content=\"article\" \/>\n<meta property=\"og:title\" content=\"Turku malta kafija Mehmet Efendi 250g - T\u00fcrgi kaubad\" \/>\n<meta property=\"og:url\" content=\"https:\/\/turgikaubad.ee\/lv\/product\/turku-malta-kafija-mehmet-efendi-150g\/\" \/>\n<meta property=\"og:site_name\" content=\"T\u00fcrgi kaubad\" \/>\n<meta property=\"article:modified_time\" content=\"2025-07-31T14:26:56+00:00\" \/>\n<meta property=\"og:image\" content=\"https:\/\/www.turgikaubad.ee\/wp-content\/uploads\/2021\/02\/Turgi-kohv-Mehmet-Efendi-250g-1.png\" \/>\n\t<meta property=\"og:image:width\" content=\"500\" \/>\n\t<meta property=\"og:image:height\" content=\"500\" \/>\n\t<meta property=\"og:image:type\" content=\"image\/png\" \/>\n<meta name=\"twitter:card\" content=\"summary_large_image\" \/>\n<script type=\"application\/ld+json\" class=\"yoast-schema-graph\">{\"@context\":\"https:\\\/\\\/schema.org\",\"@graph\":[{\"@type\":\"WebPage\",\"@id\":\"https:\\\/\\\/turgikaubad.ee\\\/lv\\\/product\\\/turku-malta-kafija-mehmet-efendi-150g\\\/\",\"url\":\"https:\\\/\\\/turgikaubad.ee\\\/lv\\\/product\\\/turku-malta-kafija-mehmet-efendi-150g\\\/\",\"name\":\"Turku malta kafija Mehmet Efendi 250g - T\u00fcrgi kaubad\",\"isPartOf\":{\"@id\":\"https:\\\/\\\/www.turgikaubad.ee\\\/lv\\\/#website\"},\"primaryImageOfPage\":{\"@id\":\"https:\\\/\\\/turgikaubad.ee\\\/lv\\\/product\\\/turku-malta-kafija-mehmet-efendi-150g\\\/#primaryimage\"},\"image\":{\"@id\":\"https:\\\/\\\/turgikaubad.ee\\\/lv\\\/product\\\/turku-malta-kafija-mehmet-efendi-150g\\\/#primaryimage\"},\"thumbnailUrl\":\"https:\\\/\\\/www.turgikaubad.ee\\\/wp-content\\\/uploads\\\/2021\\\/02\\\/Turgi-kohv-Mehmet-Efendi-250g-1.png\",\"datePublished\":\"2021-02-04T07:08:23+00:00\",\"dateModified\":\"2025-07-31T14:26:56+00:00\",\"breadcrumb\":{\"@id\":\"https:\\\/\\\/turgikaubad.ee\\\/lv\\\/product\\\/turku-malta-kafija-mehmet-efendi-150g\\\/#breadcrumb\"},\"inLanguage\":\"lv-LV\",\"potentialAction\":[{\"@type\":\"ReadAction\",\"target\":[\"https:\\\/\\\/turgikaubad.ee\\\/lv\\\/product\\\/turku-malta-kafija-mehmet-efendi-150g\\\/\"]}]},{\"@type\":\"ImageObject\",\"inLanguage\":\"lv-LV\",\"@id\":\"https:\\\/\\\/turgikaubad.ee\\\/lv\\\/product\\\/turku-malta-kafija-mehmet-efendi-150g\\\/#primaryimage\",\"url\":\"https:\\\/\\\/www.turgikaubad.ee\\\/wp-content\\\/uploads\\\/2021\\\/02\\\/Turgi-kohv-Mehmet-Efendi-250g-1.png\",\"contentUrl\":\"https:\\\/\\\/www.turgikaubad.ee\\\/wp-content\\\/uploads\\\/2021\\\/02\\\/Turgi-kohv-Mehmet-Efendi-250g-1.png\",\"width\":500,\"height\":500,\"caption\":\"Turku malta kafija Mehmet Efendi 250g\"},{\"@type\":\"BreadcrumbList\",\"@id\":\"https:\\\/\\\/turgikaubad.ee\\\/lv\\\/product\\\/turku-malta-kafija-mehmet-efendi-150g\\\/#breadcrumb\",\"itemListElement\":[{\"@type\":\"ListItem\",\"position\":1,\"name\":\"Home\",\"item\":\"https:\\\/\\\/www.turgikaubad.ee\\\/lv\\\/\"},{\"@type\":\"ListItem\",\"position\":2,\"name\":\"Pood\",\"item\":\"https:\\\/\\\/www.turgikaubad.ee\\\/pood\\\/\"},{\"@type\":\"ListItem\",\"position\":3,\"name\":\"Turku malta kafija Mehmet Efendi 250g\"}]},{\"@type\":\"WebSite\",\"@id\":\"https:\\\/\\\/www.turgikaubad.ee\\\/lv\\\/#website\",\"url\":\"https:\\\/\\\/www.turgikaubad.ee\\\/lv\\\/\",\"name\":\"T\u00fcrgi kaubad\",\"description\":\"K\u00f5ik maitsev T\u00fcrgist\",\"potentialAction\":[{\"@type\":\"SearchAction\",\"target\":{\"@type\":\"EntryPoint\",\"urlTemplate\":\"https:\\\/\\\/www.turgikaubad.ee\\\/lv\\\/?s={search_term_string}\"},\"query-input\":{\"@type\":\"PropertyValueSpecification\",\"valueRequired\":true,\"valueName\":\"search_term_string\"}}],\"inLanguage\":\"lv-LV\"}]}<\/script>\n<!-- \/ Yoast SEO plugin. -->","yoast_head_json":{"title":"Turku malta kafija Mehmet Efendi 250g - T\u00fcrgi kaubad","robots":{"index":"index","follow":"follow","max-snippet":"max-snippet:-1","max-image-preview":"max-image-preview:large","max-video-preview":"max-video-preview:-1"},"canonical":"https:\/\/turgikaubad.ee\/lv\/product\/turku-malta-kafija-mehmet-efendi-150g\/","og_locale":"lv_LV","og_type":"article","og_title":"Turku malta kafija Mehmet Efendi 250g - T\u00fcrgi kaubad","og_url":"https:\/\/turgikaubad.ee\/lv\/product\/turku-malta-kafija-mehmet-efendi-150g\/","og_site_name":"T\u00fcrgi kaubad","article_modified_time":"2025-07-31T14:26:56+00:00","og_image":[{"width":500,"height":500,"url":"https:\/\/www.turgikaubad.ee\/wp-content\/uploads\/2021\/02\/Turgi-kohv-Mehmet-Efendi-250g-1.png","type":"image\/png"}],"twitter_card":"summary_large_image","schema":{"@context":"https:\/\/schema.org","@graph":[{"@type":"WebPage","@id":"https:\/\/turgikaubad.ee\/lv\/product\/turku-malta-kafija-mehmet-efendi-150g\/","url":"https:\/\/turgikaubad.ee\/lv\/product\/turku-malta-kafija-mehmet-efendi-150g\/","name":"Turku malta kafija Mehmet Efendi 250g - T\u00fcrgi kaubad","isPartOf":{"@id":"https:\/\/www.turgikaubad.ee\/lv\/#website"},"primaryImageOfPage":{"@id":"https:\/\/turgikaubad.ee\/lv\/product\/turku-malta-kafija-mehmet-efendi-150g\/#primaryimage"},"image":{"@id":"https:\/\/turgikaubad.ee\/lv\/product\/turku-malta-kafija-mehmet-efendi-150g\/#primaryimage"},"thumbnailUrl":"https:\/\/www.turgikaubad.ee\/wp-content\/uploads\/2021\/02\/Turgi-kohv-Mehmet-Efendi-250g-1.png","datePublished":"2021-02-04T07:08:23+00:00","dateModified":"2025-07-31T14:26:56+00:00","breadcrumb":{"@id":"https:\/\/turgikaubad.ee\/lv\/product\/turku-malta-kafija-mehmet-efendi-150g\/#breadcrumb"},"inLanguage":"lv-LV","potentialAction":[{"@type":"ReadAction","target":["https:\/\/turgikaubad.ee\/lv\/product\/turku-malta-kafija-mehmet-efendi-150g\/"]}]},{"@type":"ImageObject","inLanguage":"lv-LV","@id":"https:\/\/turgikaubad.ee\/lv\/product\/turku-malta-kafija-mehmet-efendi-150g\/#primaryimage","url":"https:\/\/www.turgikaubad.ee\/wp-content\/uploads\/2021\/02\/Turgi-kohv-Mehmet-Efendi-250g-1.png","contentUrl":"https:\/\/www.turgikaubad.ee\/wp-content\/uploads\/2021\/02\/Turgi-kohv-Mehmet-Efendi-250g-1.png","width":500,"height":500,"caption":"Turku malta kafija Mehmet Efendi 250g"},{"@type":"BreadcrumbList","@id":"https:\/\/turgikaubad.ee\/lv\/product\/turku-malta-kafija-mehmet-efendi-150g\/#breadcrumb","itemListElement":[{"@type":"ListItem","position":1,"name":"Home","item":"https:\/\/www.turgikaubad.ee\/lv\/"},{"@type":"ListItem","position":2,"name":"Pood","item":"https:\/\/www.turgikaubad.ee\/pood\/"},{"@type":"ListItem","position":3,"name":"Turku malta kafija Mehmet Efendi 250g"}]},{"@type":"WebSite","@id":"https:\/\/www.turgikaubad.ee\/lv\/#website","url":"https:\/\/www.turgikaubad.ee\/lv\/","name":"T\u00fcrgi kaubad","description":"K\u00f5ik maitsev T\u00fcrgist","potentialAction":[{"@type":"SearchAction","target":{"@type":"EntryPoint","urlTemplate":"https:\/\/www.turgikaubad.ee\/lv\/?s={search_term_string}"},"query-input":{"@type":"PropertyValueSpecification","valueRequired":true,"valueName":"search_term_string"}}],"inLanguage":"lv-LV"}]}},"_links":{"self":[{"href":"https:\/\/turgikaubad.ee\/lv\/wp-json\/wp\/v2\/product\/23319","targetHints":{"allow":["GET"]}}],"collection":[{"href":"https:\/\/turgikaubad.ee\/lv\/wp-json\/wp\/v2\/product"}],"about":[{"href":"https:\/\/turgikaubad.ee\/lv\/wp-json\/wp\/v2\/types\/product"}],"version-history":[{"count":2,"href":"https:\/\/turgikaubad.ee\/lv\/wp-json\/wp\/v2\/product\/23319\/revisions"}],"predecessor-version":[{"id":23325,"href":"https:\/\/turgikaubad.ee\/lv\/wp-json\/wp\/v2\/product\/23319\/revisions\/23325"}],"wp:featuredmedia":[{"embeddable":true,"href":"https:\/\/turgikaubad.ee\/lv\/wp-json\/wp\/v2\/media\/23323"}],"wp:attachment":[{"href":"https:\/\/turgikaubad.ee\/lv\/wp-json\/wp\/v2\/media?parent=23319"}],"wp:term":[{"taxonomy":"product_brand","embeddable":true,"href":"https:\/\/turgikaubad.ee\/lv\/wp-json\/wp\/v2\/product_brand?post=23319"},{"taxonomy":"product_cat","embeddable":true,"href":"https:\/\/turgikaubad.ee\/lv\/wp-json\/wp\/v2\/product_cat?post=23319"},{"taxonomy":"product_tag","embeddable":true,"href":"https:\/\/turgikaubad.ee\/lv\/wp-json\/wp\/v2\/product_tag?post=23319"}],"curies":[{"name":"wp","href":"https:\/\/api.w.org\/{rel}","templated":true}]}}