{"id":23307,"date":"2025-02-04T13:07:34","date_gmt":"2025-02-04T11:07:34","guid":{"rendered":"https:\/\/turgikaubad.ee\/product\/turku-kafijas-pupinas-mehmet-efendi-500g\/"},"modified":"2025-05-21T21:21:33","modified_gmt":"2025-05-21T18:21:33","slug":"turku-kafijas-pupinas-mehmet-efendi-500g","status":"publish","type":"product","link":"https:\/\/www.turgikaubad.ee\/lv\/product\/turku-kafijas-pupinas-mehmet-efendi-500g\/","title":{"rendered":"Turku kafijas pupi\u0146as Mehmet Efendi 500g"},"content":{"rendered":"","protected":false},"excerpt":{"rendered":"<p><strong>Sast\u0101vda\u013cas:<\/strong> 100% Arabika kafijas pupi\u0146as<\/p>\n<p><strong>Uzglab\u0101t saus\u0101 un v\u0113s\u0101 viet\u0101!<\/strong><\/p>\n","protected":false},"featured_media":23279,"template":"","meta":[],"product_brand":[],"product_cat":[2292],"product_tag":[],"class_list":{"0":"post-23307","1":"product","2":"type-product","3":"status-publish","4":"has-post-thumbnail","6":"product_cat-kafija","7":"pa_tootja-kurukahveci-mehmet-efendi-lv","9":"first","10":"instock","11":"taxable","12":"shipping-taxable","13":"purchasable","14":"product-type-simple"},"yoast_head":"<!-- This site is optimized with the Yoast SEO plugin v27.5 - https:\/\/yoast.com\/product\/yoast-seo-wordpress\/ -->\n<title>Turku kafijas pupi\u0146as Mehmet Efendi 500g - T\u00fcrgi kaubad<\/title>\n<meta name=\"robots\" content=\"index, follow, max-snippet:-1, max-image-preview:large, max-video-preview:-1\" \/>\n<link rel=\"canonical\" href=\"https:\/\/www.turgikaubad.ee\/lv\/product\/turku-kafijas-pupinas-mehmet-efendi-500g\/\" \/>\n<meta property=\"og:locale\" content=\"lv_LV\" \/>\n<meta property=\"og:type\" content=\"article\" \/>\n<meta property=\"og:title\" content=\"Turku kafijas pupi\u0146as Mehmet Efendi 500g - T\u00fcrgi kaubad\" \/>\n<meta property=\"og:description\" content=\"Sast\u0101vda\u013cas: 100% Arabika kafijas pupi\u0146as  Uzglab\u0101t saus\u0101 un v\u0113s\u0101 viet\u0101!\" \/>\n<meta property=\"og:url\" content=\"https:\/\/www.turgikaubad.ee\/lv\/product\/turku-kafijas-pupinas-mehmet-efendi-500g\/\" \/>\n<meta property=\"og:site_name\" content=\"T\u00fcrgi kaubad\" \/>\n<meta property=\"article:modified_time\" content=\"2025-05-21T18:21:33+00:00\" \/>\n<meta property=\"og:image\" content=\"https:\/\/www.turgikaubad.ee\/wp-content\/uploads\/2025\/02\/Turgi-kohviuba-500g.png\" \/>\n\t<meta property=\"og:image:width\" content=\"500\" \/>\n\t<meta property=\"og:image:height\" content=\"500\" \/>\n\t<meta property=\"og:image:type\" content=\"image\/png\" \/>\n<meta name=\"twitter:card\" content=\"summary_large_image\" \/>\n<script type=\"application\/ld+json\" class=\"yoast-schema-graph\">{\"@context\":\"https:\\\/\\\/schema.org\",\"@graph\":[{\"@type\":\"WebPage\",\"@id\":\"https:\\\/\\\/www.turgikaubad.ee\\\/lv\\\/product\\\/turku-kafijas-pupinas-mehmet-efendi-500g\\\/\",\"url\":\"https:\\\/\\\/www.turgikaubad.ee\\\/lv\\\/product\\\/turku-kafijas-pupinas-mehmet-efendi-500g\\\/\",\"name\":\"Turku kafijas pupi\u0146as Mehmet Efendi 500g - T\u00fcrgi kaubad\",\"isPartOf\":{\"@id\":\"https:\\\/\\\/www.turgikaubad.ee\\\/lv\\\/#website\"},\"primaryImageOfPage\":{\"@id\":\"https:\\\/\\\/www.turgikaubad.ee\\\/lv\\\/product\\\/turku-kafijas-pupinas-mehmet-efendi-500g\\\/#primaryimage\"},\"image\":{\"@id\":\"https:\\\/\\\/www.turgikaubad.ee\\\/lv\\\/product\\\/turku-kafijas-pupinas-mehmet-efendi-500g\\\/#primaryimage\"},\"thumbnailUrl\":\"https:\\\/\\\/turgikaubad.ee\\\/wp-content\\\/uploads\\\/2025\\\/02\\\/Turgi-kohviuba-500g.png\",\"datePublished\":\"2025-02-04T11:07:34+00:00\",\"dateModified\":\"2025-05-21T18:21:33+00:00\",\"breadcrumb\":{\"@id\":\"https:\\\/\\\/www.turgikaubad.ee\\\/lv\\\/product\\\/turku-kafijas-pupinas-mehmet-efendi-500g\\\/#breadcrumb\"},\"inLanguage\":\"lv-LV\",\"potentialAction\":[{\"@type\":\"ReadAction\",\"target\":[\"https:\\\/\\\/www.turgikaubad.ee\\\/lv\\\/product\\\/turku-kafijas-pupinas-mehmet-efendi-500g\\\/\"]}]},{\"@type\":\"ImageObject\",\"inLanguage\":\"lv-LV\",\"@id\":\"https:\\\/\\\/www.turgikaubad.ee\\\/lv\\\/product\\\/turku-kafijas-pupinas-mehmet-efendi-500g\\\/#primaryimage\",\"url\":\"https:\\\/\\\/turgikaubad.ee\\\/wp-content\\\/uploads\\\/2025\\\/02\\\/Turgi-kohviuba-500g.png\",\"contentUrl\":\"https:\\\/\\\/turgikaubad.ee\\\/wp-content\\\/uploads\\\/2025\\\/02\\\/Turgi-kohviuba-500g.png\",\"width\":500,\"height\":500,\"caption\":\"T\u00fcrgi kohviuba 500g\"},{\"@type\":\"BreadcrumbList\",\"@id\":\"https:\\\/\\\/www.turgikaubad.ee\\\/lv\\\/product\\\/turku-kafijas-pupinas-mehmet-efendi-500g\\\/#breadcrumb\",\"itemListElement\":[{\"@type\":\"ListItem\",\"position\":1,\"name\":\"Home\",\"item\":\"https:\\\/\\\/www.turgikaubad.ee\\\/lv\\\/\"},{\"@type\":\"ListItem\",\"position\":2,\"name\":\"Pood\",\"item\":\"https:\\\/\\\/www.turgikaubad.ee\\\/pood\\\/\"},{\"@type\":\"ListItem\",\"position\":3,\"name\":\"Turku kafijas pupi\u0146as Mehmet Efendi 500g\"}]},{\"@type\":\"WebSite\",\"@id\":\"https:\\\/\\\/www.turgikaubad.ee\\\/lv\\\/#website\",\"url\":\"https:\\\/\\\/www.turgikaubad.ee\\\/lv\\\/\",\"name\":\"T\u00fcrgi kaubad\",\"description\":\"K\u00f5ik maitsev T\u00fcrgist\",\"potentialAction\":[{\"@type\":\"SearchAction\",\"target\":{\"@type\":\"EntryPoint\",\"urlTemplate\":\"https:\\\/\\\/www.turgikaubad.ee\\\/lv\\\/?s={search_term_string}\"},\"query-input\":{\"@type\":\"PropertyValueSpecification\",\"valueRequired\":true,\"valueName\":\"search_term_string\"}}],\"inLanguage\":\"lv-LV\"}]}<\/script>\n<!-- \/ Yoast SEO plugin. -->","yoast_head_json":{"title":"Turku kafijas pupi\u0146as Mehmet Efendi 500g - T\u00fcrgi kaubad","robots":{"index":"index","follow":"follow","max-snippet":"max-snippet:-1","max-image-preview":"max-image-preview:large","max-video-preview":"max-video-preview:-1"},"canonical":"https:\/\/www.turgikaubad.ee\/lv\/product\/turku-kafijas-pupinas-mehmet-efendi-500g\/","og_locale":"lv_LV","og_type":"article","og_title":"Turku kafijas pupi\u0146as Mehmet Efendi 500g - T\u00fcrgi kaubad","og_description":"Sast\u0101vda\u013cas: 100% Arabika kafijas pupi\u0146as  Uzglab\u0101t saus\u0101 un v\u0113s\u0101 viet\u0101!","og_url":"https:\/\/www.turgikaubad.ee\/lv\/product\/turku-kafijas-pupinas-mehmet-efendi-500g\/","og_site_name":"T\u00fcrgi kaubad","article_modified_time":"2025-05-21T18:21:33+00:00","og_image":[{"width":500,"height":500,"url":"https:\/\/www.turgikaubad.ee\/wp-content\/uploads\/2025\/02\/Turgi-kohviuba-500g.png","type":"image\/png"}],"twitter_card":"summary_large_image","schema":{"@context":"https:\/\/schema.org","@graph":[{"@type":"WebPage","@id":"https:\/\/www.turgikaubad.ee\/lv\/product\/turku-kafijas-pupinas-mehmet-efendi-500g\/","url":"https:\/\/www.turgikaubad.ee\/lv\/product\/turku-kafijas-pupinas-mehmet-efendi-500g\/","name":"Turku kafijas pupi\u0146as Mehmet Efendi 500g - T\u00fcrgi kaubad","isPartOf":{"@id":"https:\/\/www.turgikaubad.ee\/lv\/#website"},"primaryImageOfPage":{"@id":"https:\/\/www.turgikaubad.ee\/lv\/product\/turku-kafijas-pupinas-mehmet-efendi-500g\/#primaryimage"},"image":{"@id":"https:\/\/www.turgikaubad.ee\/lv\/product\/turku-kafijas-pupinas-mehmet-efendi-500g\/#primaryimage"},"thumbnailUrl":"https:\/\/turgikaubad.ee\/wp-content\/uploads\/2025\/02\/Turgi-kohviuba-500g.png","datePublished":"2025-02-04T11:07:34+00:00","dateModified":"2025-05-21T18:21:33+00:00","breadcrumb":{"@id":"https:\/\/www.turgikaubad.ee\/lv\/product\/turku-kafijas-pupinas-mehmet-efendi-500g\/#breadcrumb"},"inLanguage":"lv-LV","potentialAction":[{"@type":"ReadAction","target":["https:\/\/www.turgikaubad.ee\/lv\/product\/turku-kafijas-pupinas-mehmet-efendi-500g\/"]}]},{"@type":"ImageObject","inLanguage":"lv-LV","@id":"https:\/\/www.turgikaubad.ee\/lv\/product\/turku-kafijas-pupinas-mehmet-efendi-500g\/#primaryimage","url":"https:\/\/turgikaubad.ee\/wp-content\/uploads\/2025\/02\/Turgi-kohviuba-500g.png","contentUrl":"https:\/\/turgikaubad.ee\/wp-content\/uploads\/2025\/02\/Turgi-kohviuba-500g.png","width":500,"height":500,"caption":"T\u00fcrgi kohviuba 500g"},{"@type":"BreadcrumbList","@id":"https:\/\/www.turgikaubad.ee\/lv\/product\/turku-kafijas-pupinas-mehmet-efendi-500g\/#breadcrumb","itemListElement":[{"@type":"ListItem","position":1,"name":"Home","item":"https:\/\/www.turgikaubad.ee\/lv\/"},{"@type":"ListItem","position":2,"name":"Pood","item":"https:\/\/www.turgikaubad.ee\/pood\/"},{"@type":"ListItem","position":3,"name":"Turku kafijas pupi\u0146as Mehmet Efendi 500g"}]},{"@type":"WebSite","@id":"https:\/\/www.turgikaubad.ee\/lv\/#website","url":"https:\/\/www.turgikaubad.ee\/lv\/","name":"T\u00fcrgi kaubad","description":"K\u00f5ik maitsev T\u00fcrgist","potentialAction":[{"@type":"SearchAction","target":{"@type":"EntryPoint","urlTemplate":"https:\/\/www.turgikaubad.ee\/lv\/?s={search_term_string}"},"query-input":{"@type":"PropertyValueSpecification","valueRequired":true,"valueName":"search_term_string"}}],"inLanguage":"lv-LV"}]}},"_links":{"self":[{"href":"https:\/\/www.turgikaubad.ee\/lv\/wp-json\/wp\/v2\/product\/23307","targetHints":{"allow":["GET"]}}],"collection":[{"href":"https:\/\/www.turgikaubad.ee\/lv\/wp-json\/wp\/v2\/product"}],"about":[{"href":"https:\/\/www.turgikaubad.ee\/lv\/wp-json\/wp\/v2\/types\/product"}],"version-history":[{"count":1,"href":"https:\/\/www.turgikaubad.ee\/lv\/wp-json\/wp\/v2\/product\/23307\/revisions"}],"predecessor-version":[{"id":23308,"href":"https:\/\/www.turgikaubad.ee\/lv\/wp-json\/wp\/v2\/product\/23307\/revisions\/23308"}],"wp:featuredmedia":[{"embeddable":true,"href":"https:\/\/www.turgikaubad.ee\/lv\/wp-json\/wp\/v2\/media\/23279"}],"wp:attachment":[{"href":"https:\/\/www.turgikaubad.ee\/lv\/wp-json\/wp\/v2\/media?parent=23307"}],"wp:term":[{"taxonomy":"product_brand","embeddable":true,"href":"https:\/\/www.turgikaubad.ee\/lv\/wp-json\/wp\/v2\/product_brand?post=23307"},{"taxonomy":"product_cat","embeddable":true,"href":"https:\/\/www.turgikaubad.ee\/lv\/wp-json\/wp\/v2\/product_cat?post=23307"},{"taxonomy":"product_tag","embeddable":true,"href":"https:\/\/www.turgikaubad.ee\/lv\/wp-json\/wp\/v2\/product_tag?post=23307"}],"curies":[{"name":"wp","href":"https:\/\/api.w.org\/{rel}","templated":true}]}}